{"id":2,"date":"2013-09-02T06:25:11","date_gmt":"2013-09-02T06:25:11","guid":{"rendered":"http:\/\/www.marketingzoom.hu\/?page_id=2"},"modified":"2017-10-18T11:36:49","modified_gmt":"2017-10-18T11:36:49","slug":"ez-egy-minta-oldal","status":"publish","type":"page","link":"https:\/\/www.marketingzoom.hu\/","title":{"rendered":"F\u0151oldal"},"content":{"rendered":"<p><span style=\"font-size: xx-large;\">Mi\u00e9rt \u00e9rdemes velem dolgoznod?<\/span><\/p>\n<ul>\n<li>Mert a <strong>m\u00e1rka\u00e9p\u00edt\u00e9sben<\/strong> tudok <strong>gyakorlati seg\u00edts\u00e9get<\/strong> adni,<\/li>\n<li>a teljes marketingfolyamatot \u00e1tl\u00e1tva <strong>egy\u00fctt gondolkodom veled,<\/strong><\/li>\n<li>nem csak elm\u00e9letben, hanem <strong>a konkr\u00e9t<\/strong> <strong>kivitelez\u00e9s gyakorlat\u00e1ban<\/strong> is j\u00e1rtas vagyok,<\/li>\n<li>c\u00e9lom, hogy <strong>az \u00e9rt\u00e9kes\u00edt\u00e9sben l\u00e1that\u00f3 eredm\u00e9nyek<\/strong> sz\u00fclessenek a seg\u00edts\u00e9gemmel.<\/li>\n<\/ul>\n<p>&nbsp;<\/p>\n<p>Milassin Tam\u00e1s vagyok, a Marketing Zoom Kft. t\u00e1rsalap\u00edt\u00f3ja.<\/p>\n<p>1992 \u00f3ta foglalkozom a m\u00e1rka\u00e9p\u00edt\u00e9s k\u00fcl\u00f6nb\u00f6z\u0151 r\u00e9szfeladataival, \u00edgy dolgozhattam anno a <strong>Kanizsa S\u00f6rgy\u00e1r,<\/strong>\u00a0a <strong>Fony\u00f3di<\/strong> <strong>\u00c1sv\u00e1nyv\u00edz, a Pannon Aqua \u00c1sv\u00e1nyv\u00edz, a Visegr\u00e1di \u00c1sv\u00e1nyv\u00edz<\/strong> arculat\u00e1n, c\u00edmketervein, a <strong>Hofbrau M\u00fcnhen<\/strong> magyarorsz\u00e1gi m\u00e1rkabevezet\u00e9s\u00e9n; k\u00e9s\u0151bb a <strong>Dun\u00e1nt\u00fali K\u0151olajipari G\u00e9pgy\u00e1r<\/strong> (k\u00e9s\u0151bb DKG-EAST Zrt.) arculat\u00e1n, kiadv\u00e1nyain; majd a <strong>Kanizsa Trend<\/strong> Kft. megb\u00edz\u00e1s\u00e1b\u00f3l az <strong>Andante b\u0151rb\u00fatorok<\/strong> m\u00e1rkanev\u00e9nek megalkot\u00e1s\u00e1n, az arculat kialak\u00edt\u00e1s\u00e1ban \u00e9s az orsz\u00e1gos bevezet\u0151 kamp\u00e1ny megval\u00f3s\u00edt\u00e1s\u00e1ban; a <strong>G\u00e1zipari G\u00e9pgy\u00e1r<\/strong> Kft. arculattervez\u00e9s\u00e9ben, term\u00e9kfot\u00f3z\u00e1s\u00e1ban, kiadv\u00e1nyainak k\u00e9sz\u00edt\u00e9s\u00e9ben; a <strong>CWG Hungary<\/strong> (jelenleg BWT Hungary V\u00edztechnikai Kft.) arculat\u00e1nak kialak\u00edt\u00e1s\u00e1ban, ki\u00e1ll\u00edt\u00e1si anyagainak \u00e9s kiadv\u00e1nyainak elk\u00e9sz\u00edt\u00e9s\u00e9ben.<br \/>Dolgoztunk a piacvezet\u0151 <strong>Agentrade Kft.<\/strong> (mai nev\u00e9n Ramirent) \u00e9p\u00edt\u00e9sg\u00e9pes\u00edt\u0151, a <strong>Bako Hung\u00e1ria<\/strong> cukr\u00e1sz \u00e9s p\u00e9kipari nagykeresked\u0151, az <strong>Aquaprofit Zrt.<\/strong> tan\u00e1csad\u00f3 c\u00e9gek marketingkommunik\u00e1ci\u00f3j\u00e1n.<\/p>\n<p>Telep\u00fcl\u00e9smarketing ter\u00fcleteken <strong>Nagykanizsa Megyei Jog\u00fa V\u00e1ros<\/strong> arculatterv\u00e9t \u00e9s <strong>Zalakaros<\/strong> m\u00e1rka\u00e9p\u00edt\u00e9s\u00e9nek alapjait, t\u00f6bbnyelv\u0171 kutat\u00e1st, elemz\u00e9st, arculattervet, fot\u00f3z\u00e1st, kiadv\u00e1nycsal\u00e1dot, ki\u00e1ll\u00edt\u00e1si install\u00e1ci\u00f3kat k\u00e9sz\u00edthetett a kezem alatt dolgoz\u00f3 csapat.<\/p>\n<p>A turisztikai marketingben a zalakarosi <strong>Hotel Venus***<\/strong> \u00e9s <strong>Aphrodite Hotel****<\/strong>, illetve a balatonfenyvesi <strong>Hubertus-Hof Hotel***<\/strong> r\u00e9sz\u00e9re arculat, fot\u00f3z\u00e1s, online marketing, kiadv\u00e1ny, ki\u00e1ll\u00edt\u00e1si install\u00e1ci\u00f3, PR ter\u00fcleteken dolgozunk.<br \/>A Zalakaros melletti Garabonc telep\u00fcl\u00e9sen a <strong>7Vez\u00e9r T\u00f6rt\u00e9nelmi Kalandpark<\/strong> arculat kialak\u00edt\u00e1s\u00e1ban, a honfoglal\u00e1s kori ki\u00e1ll\u00edt\u00e1s megalkot\u00e1s\u00e1ban vett\u00fcnk r\u00e9szt.<\/p>\n<p>Rendezv\u00e9nymarketingben (event marketing) az aleln\u00f6kk\u00e9nt Ferencz J\u00f3zsef eln\u00f6kkel kar\u00f6ltve ir\u00e1ny\u00edtott R\u00e9gi J\u00f3 Hagyom\u00e1nyteremt\u0151 \u00e9s \u0150rz\u0151 Egyes\u00fclet szervezte Nagykanizs\u00e1n a nagy siker\u0171 <strong>Ryno G\u00e1la<\/strong> esem\u00e9nyeket \u00e9s 10 \u00e9ven kereszt\u00fcl a <strong>V\u00e1ros Napj\u00e1t<\/strong>. Ezeken t\u00fal a <strong>Kanizsa Centrum Be\u00e1s\u00e1rl\u00f3k\u00f6zpont<\/strong> marketingj\u00e9t 2008-t\u00f3l 6 \u00e9vig ir\u00e1ny\u00edtottam, ahol a <strong>Pog\u00e1csa \u00e9s Stangli Mulats\u00e1g<\/strong>, a <strong>Tortafesztiv\u00e1l<\/strong> \u00e9s a <strong>Kal\u00e1csvar\u00e1zs<\/strong>\u00a0t\u00f6bb, mint t\u00edzezer f\u0151s rendezv\u00e9nyeivel sikeresen t\u00e1mogatja a kiskereskedelemben bet\u00f6lt\u00f6tt piacvezet\u0151 helyet.<\/p>\n<p>Az elm\u00falt \u00e9vekben a C\u00e9gelme Kft. t\u00e1rstulajdonosk\u00e9nt l\u00e9trehoztam a <strong>C\u00e9gelme<\/strong> nev\u0171 CRM (\u00fcgyf\u00e9lkezel\u0151 \u00e9s marketingszoftvert).<\/p>\n<p>Jelenleg a <a href=\"http:\/\/www.hollywoodnyelvstudio.hu\/\"><strong>Hollywood Nyelvst\u00fadi\u00f3k<\/strong><\/a>\u00a0orsz\u00e1gos h\u00e1l\u00f3zat\u00e1nak marketingj\u00e9vel foglalkozom. B\u0151szen tanulom (\u00e9s \u00e9lesben alkalmazom a tanultakat) az online marketinget, amiben egyre t\u00f6bb siker\u00e9lm\u00e9nyem van.<\/p>\n<p>Hobbim a zene \u00e9s a fot\u00f3z\u00e1s. Fot\u00f3st\u00fadi\u00f3mban t\u00e1rgy, portr\u00e9, divat, glamour fot\u00f3kat k\u00e9sz\u00edtek.<\/p>\n<p>40 \u00e9ves koromban 96 kg voltam, amikor felismertem, hogy \u00e9letm\u00f3dot kellene v\u00e1ltanom. Ekkor kezdtem el biciklizni, majd k\u00e9s\u0151bb triatlonozni. 2015-ben Ironman lettem (3,8 km \u00fasz\u00e1s + 180 km bicikliz\u00e9s + 42 km fut\u00e1s) a nagyat\u00e1di ExtremeMan versenyen.<\/p>\n<p>Milassin Tam\u00e1s<br \/>+36703418854<\/p>\n<p>&nbsp;<\/p>\n<p>&nbsp;<\/p>\n<p>&nbsp;<\/p>\n<p>&nbsp;<\/p>\n","protected":false},"excerpt":{"rendered":"<p>Mi\u00e9rt \u00e9rdemes velem dolgoznod? Mert a m\u00e1rka\u00e9p\u00edt\u00e9sben tudok gyakorlati seg\u00edts\u00e9get adni, a teljes marketingfolyamatot \u00e1tl\u00e1tva egy\u00fctt gondolkodom veled, nem csak elm\u00e9letben, hanem a konkr\u00e9t kivitelez\u00e9s gyakorlat\u00e1ban is j\u00e1rtas vagyok, c\u00e9lom, hogy az \u00e9rt\u00e9kes\u00edt\u00e9sben l\u00e1that\u00f3 eredm\u00e9nyek sz\u00fclessenek a seg\u00edts\u00e9gemmel. &nbsp; Milassin Tam\u00e1s vagyok, a Marketing Zoom Kft. t\u00e1rsalap\u00edt\u00f3ja. 1992 \u00f3ta foglalkozom a m\u00e1rka\u00e9p\u00edt\u00e9s k\u00fcl\u00f6nb\u00f6z\u0151 r\u00e9szfeladataival, \u00edgy [&hellip;]<\/p>\n","protected":false},"author":1,"featured_media":0,"parent":0,"menu_order":0,"comment_status":"closed","ping_status":"closed","template":"","meta":{"ngg_post_thumbnail":0},"_links":{"self":[{"href":"https:\/\/www.marketingzoom.hu\/index.php?rest_route=\/wp\/v2\/pages\/2"}],"collection":[{"href":"https:\/\/www.marketingzoom.hu\/index.php?rest_route=\/wp\/v2\/pages"}],"about":[{"href":"https:\/\/www.marketingzoom.hu\/index.php?rest_route=\/wp\/v2\/types\/page"}],"author":[{"embeddable":true,"href":"https:\/\/www.marketingzoom.hu\/index.php?rest_route=\/wp\/v2\/users\/1"}],"replies":[{"embeddable":true,"href":"https:\/\/www.marketingzoom.hu\/index.php?rest_route=%2Fwp%2Fv2%2Fcomments&post=2"}],"version-history":[{"count":23,"href":"https:\/\/www.marketingzoom.hu\/index.php?rest_route=\/wp\/v2\/pages\/2\/revisions"}],"predecessor-version":[{"id":87,"href":"https:\/\/www.marketingzoom.hu\/index.php?rest_route=\/wp\/v2\/pages\/2\/revisions\/87"}],"wp:attachment":[{"href":"https:\/\/www.marketingzoom.hu\/index.php?rest_route=%2Fwp%2Fv2%2Fmedia&parent=2"}],"curies":[{"name":"wp","href":"https:\/\/api.w.org\/{rel}","templated":true}]}}